{"id":217,"date":"2020-08-05T15:45:39","date_gmt":"2020-08-05T13:45:39","guid":{"rendered":"http:\/\/ileauxkangourous.com\/?page_id=217"},"modified":"2021-03-09T09:35:26","modified_gmt":"2021-03-09T08:35:26","slug":"accueil","status":"publish","type":"page","link":"https:\/\/ileauxkangourous.com\/","title":{"rendered":"Accueil"},"content":{"rendered":"<div id='av_section_1'  class='avia-section main_color avia-section-default avia-no-border-styling  av-parallax-section avia-bg-style-parallax  avia-builder-el-0  el_before_av_section  avia-builder-el-first   container_wrap sidebar_right' style=' '  data-section-bg-repeat='no-repeat'><div class='av-parallax' data-avia-parallax-ratio='0.3' ><div class='av-parallax-inner main_color  avia-full-stretch' style = 'background-repeat: no-repeat; background-image: url(https:\/\/ileauxkangourous.com\/wp-content\/uploads\/2020\/08\/fond-home.jpg);background-attachment: scroll; background-position: top center; ' ><\/div><\/div><div class='av-section-color-overlay-wrap'><a href='#next-section' title='' class='scroll-down-link '  aria-hidden='true' data-av_icon='\ue877' data-av_iconfont='entypo-fontello'><\/a><div class='container' ><main  role=\"main\" itemprop=\"mainContentOfPage\"  class='template-page content  av-content-small alpha units'><div class='post-entry post-entry-type-page post-entry-217'><div class='entry-content-wrapper clearfix'>\n<div class=\"flex_column av_one_third  flex_column_div av-zero-column-padding first  avia-builder-el-1  el_before_av_one_third  avia-builder-el-first  \" style='border-radius:0px; '><\/div><div class=\"flex_column av_one_third  flex_column_div av-zero-column-padding   avia-builder-el-2  el_after_av_one_third  el_before_av_one_third  \" style='border-radius:0px; '><div  class='avia-image-container avia_animated_image avia_animate_when_almost_visible pop-up av-styling- av-hover-grow   avia-builder-el-3  avia-builder-el-no-sibling  avia-align-center '  itemprop=\"image\" itemscope=\"itemscope\" itemtype=\"https:\/\/schema.org\/ImageObject\"  ><div class='avia-image-container-inner'><div class='avia-image-overlay-wrap'><img loading=\"lazy\" decoding=\"async\" class='wp-image-220 avia_image' src=\"https:\/\/ileauxkangourous.com\/wp-content\/uploads\/2020\/08\/logo-300x300.png\" alt='' title='logo' height=\"300\" width=\"300\"  itemprop=\"thumbnailUrl\" srcset=\"https:\/\/ileauxkangourous.com\/wp-content\/uploads\/2020\/08\/logo-300x300.png 300w, https:\/\/ileauxkangourous.com\/wp-content\/uploads\/2020\/08\/logo-1030x1030.png 1030w, https:\/\/ileauxkangourous.com\/wp-content\/uploads\/2020\/08\/logo-80x80.png 80w, https:\/\/ileauxkangourous.com\/wp-content\/uploads\/2020\/08\/logo-768x768.png 768w, https:\/\/ileauxkangourous.com\/wp-content\/uploads\/2020\/08\/logo-36x36.png 36w, https:\/\/ileauxkangourous.com\/wp-content\/uploads\/2020\/08\/logo-180x180.png 180w, https:\/\/ileauxkangourous.com\/wp-content\/uploads\/2020\/08\/logo-705x705.png 705w, https:\/\/ileauxkangourous.com\/wp-content\/uploads\/2020\/08\/logo.png 1173w\" sizes=\"(max-width: 300px) 100vw, 300px\" \/><\/div><\/div><\/div><\/div><div class=\"flex_column av_one_third  flex_column_div av-zero-column-padding   avia-builder-el-4  el_after_av_one_third  avia-builder-el-last  \" style='border-radius:0px; '><\/div>\n\n<\/div><\/div><\/main><!-- close content main element --><\/div><\/div><\/div><div id='av_section_2'  class='avia-section main_color avia-section-default avia-no-border-styling  avia-bg-style-scroll  avia-builder-el-5  el_after_av_section  el_before_av_two_third   container_wrap sidebar_right' style='background-color: #009cdc;  '  ><div class='container' ><div class='template-page content  av-content-small alpha units'><div class='post-entry post-entry-type-page post-entry-217'><div class='entry-content-wrapper clearfix'>\n<section class=\"av_textblock_section \"  itemscope=\"itemscope\" itemtype=\"https:\/\/schema.org\/CreativeWork\" ><div class='avia_textblock  '   itemprop=\"text\" ><h1 style=\"text-align: center;\"><span style=\"color: #ffffff;\">Location d&#8217;animations \u00e0 Toulouse et sa r\u00e9gion<\/span><\/h1>\n<\/div><\/section>\n<\/div><\/div><\/div><!-- close content main div --><\/div><\/div><div id='after_section_2'  class='main_color av_default_container_wrap container_wrap sidebar_right' style=' '  ><div class='container' ><div class='template-page content  av-content-small alpha units'><div class='post-entry post-entry-type-page post-entry-217'><div class='entry-content-wrapper clearfix'>\n<div class=\"flex_column av_two_third  flex_column_div av-zero-column-padding first  avia-builder-el-7  el_after_av_section  el_before_av_one_third  avia-builder-el-first  \" style='border-radius:0px; '><div  class='avia-image-container  av-styling- av-hover-grow av-hide-overflow   avia-builder-el-8  avia-builder-el-no-sibling  avia-align-center '  itemprop=\"image\" itemscope=\"itemscope\" itemtype=\"https:\/\/schema.org\/ImageObject\"  ><div class='avia-image-container-inner'><div class='avia-image-overlay-wrap'><img loading=\"lazy\" decoding=\"async\" class='wp-image-268 avia_image' src=\"https:\/\/ileauxkangourous.com\/wp-content\/uploads\/2021\/03\/chateau-gonflable-bleu-3.png\" alt='location chateau gonflable particulier toulouse' title='chateau-gonflable-bleu-3' height=\"770\" width=\"1106\"  itemprop=\"thumbnailUrl\" srcset=\"https:\/\/ileauxkangourous.com\/wp-content\/uploads\/2021\/03\/chateau-gonflable-bleu-3.png 1106w, https:\/\/ileauxkangourous.com\/wp-content\/uploads\/2021\/03\/chateau-gonflable-bleu-3-300x209.png 300w, https:\/\/ileauxkangourous.com\/wp-content\/uploads\/2021\/03\/chateau-gonflable-bleu-3-1030x717.png 1030w, https:\/\/ileauxkangourous.com\/wp-content\/uploads\/2021\/03\/chateau-gonflable-bleu-3-768x535.png 768w, https:\/\/ileauxkangourous.com\/wp-content\/uploads\/2021\/03\/chateau-gonflable-bleu-3-705x491.png 705w\" sizes=\"(max-width: 1106px) 100vw, 1106px\" \/><\/div><\/div><\/div><\/div>\n<div class=\"flex_column av_one_third  flex_column_div av-zero-column-padding   avia-builder-el-9  el_after_av_two_third  el_before_av_one_third  \" style='border-radius:0px; '><section class=\"av_textblock_section \"  itemscope=\"itemscope\" itemtype=\"https:\/\/schema.org\/CreativeWork\" ><div class='avia_textblock  '   itemprop=\"text\" ><h2>Ch\u00e2teau gonflable<\/h2>\n<p>D\u00e9couvrez notre animation star pour amuser les petits et grands enfants ! Confortable, s\u00e9curis\u00e9, ultra-ludique\u2026 il saura apporter ce suppl\u00e9ment de joies et d\u2019amusements qui font de nos petits \u00e9v\u00e9nements de grands moments.<\/p>\n<\/div><\/section><br \/>\n<div  class='avia-button-wrap avia-button-center  avia-builder-el-11  el_after_av_textblock  avia-builder-el-last ' ><a href='http:\/\/ileauxkangourous.com\/index.php\/chateau-gonflable-a-louer\/'  class='avia-button  avia-color-theme-color   avia-icon_select-yes-left-icon avia-size-small avia-position-center '   ><span class='avia_button_icon avia_button_icon_left ' aria-hidden='true' data-av_icon='\ue832' data-av_iconfont='entypo-fontello'><\/span><span class='avia_iconbox_title' >Hop \u00e7a m\u2019int\u00e9resse !<\/span><\/a><\/div><\/p><\/div>\n<div class=\"flex_column av_one_third  flex_column_div av-zero-column-padding first  avia-builder-el-12  el_after_av_one_third  el_before_av_one_third  column-top-margin\" style='background: #ffffff; background-color:#ffffff; border-radius:0px; '><p><div  style='height:40px' class='hr hr-invisible   avia-builder-el-13  el_before_av_textblock  avia-builder-el-first '><span class='hr-inner ' ><span class='hr-inner-style'><\/span><\/span><\/div><br \/>\n<section class=\"av_textblock_section \"  itemscope=\"itemscope\" itemtype=\"https:\/\/schema.org\/CreativeWork\" ><div class='avia_textblock  '   itemprop=\"text\" ><h3 style=\"text-align: center;\">Machine \u00e0 popcorn<\/h3>\n<\/div><\/section><br \/>\n<div  class='avia-image-container avia_animated_image avia_animate_when_almost_visible top-to-bottom av-styling- av-hover-grow av-hide-overflow   avia-builder-el-15  el_after_av_textblock  el_before_av_textblock  avia-align-center '  itemprop=\"image\" itemscope=\"itemscope\" itemtype=\"https:\/\/schema.org\/ImageObject\"  ><div class='avia-image-container-inner'><div class='avia-image-overlay-wrap'><img loading=\"lazy\" decoding=\"async\" class='wp-image-17 avia_image' src=\"https:\/\/ileauxkangourous.com\/wp-content\/uploads\/2020\/08\/anniversaire-popcorn-300x200.jpg\" alt='' title='anniversaire-popcorn' height=\"200\" width=\"300\"  itemprop=\"thumbnailUrl\" srcset=\"https:\/\/ileauxkangourous.com\/wp-content\/uploads\/2020\/08\/anniversaire-popcorn-300x200.jpg 300w, https:\/\/ileauxkangourous.com\/wp-content\/uploads\/2020\/08\/anniversaire-popcorn-1030x686.jpg 1030w, https:\/\/ileauxkangourous.com\/wp-content\/uploads\/2020\/08\/anniversaire-popcorn-768x512.jpg 768w, https:\/\/ileauxkangourous.com\/wp-content\/uploads\/2020\/08\/anniversaire-popcorn-1536x1024.jpg 1536w, https:\/\/ileauxkangourous.com\/wp-content\/uploads\/2020\/08\/anniversaire-popcorn-1500x1000.jpg 1500w, https:\/\/ileauxkangourous.com\/wp-content\/uploads\/2020\/08\/anniversaire-popcorn-705x470.jpg 705w, https:\/\/ileauxkangourous.com\/wp-content\/uploads\/2020\/08\/anniversaire-popcorn.jpg 2000w\" sizes=\"(max-width: 300px) 100vw, 300px\" \/><\/div><\/div><\/div><br \/>\n<section class=\"av_textblock_section \"  itemscope=\"itemscope\" itemtype=\"https:\/\/schema.org\/CreativeWork\" ><div class='avia_textblock  '   itemprop=\"text\" ><p style=\"text-align: center;\">Une machine \u00e0 popcorn vintage pour r\u00e9galer et \u00e9merveiller vos invit\u00e9s !<\/p>\n<\/div><\/section><br \/>\n<div  class='avia-button-wrap avia-button-center  avia-builder-el-17  el_after_av_textblock  el_before_av_hr ' ><a href='http:\/\/ileauxkangourous.com\/index.php\/machine-a-popcorn-a-louer\/'  class='avia-button  avia-color-theme-color   avia-icon_select-yes-left-icon avia-size-small avia-position-center '   ><span class='avia_button_icon avia_button_icon_left ' aria-hidden='true' data-av_icon='\ue832' data-av_iconfont='entypo-fontello'><\/span><span class='avia_iconbox_title' >Et paf je la veux !<\/span><\/a><\/div><br \/>\n<div  style='height:40px' class='hr hr-invisible   avia-builder-el-18  el_after_av_button  avia-builder-el-last '><span class='hr-inner ' ><span class='hr-inner-style'><\/span><\/span><\/div><\/p><\/div>\n<div class=\"flex_column av_one_third  flex_column_div av-zero-column-padding   avia-builder-el-19  el_after_av_one_third  el_before_av_one_third  column-top-margin\" style='background: #ffffff; background-color:#ffffff; border-radius:0px; '><p><div  style='height:40px' class='hr hr-invisible   avia-builder-el-20  el_before_av_textblock  avia-builder-el-first '><span class='hr-inner ' ><span class='hr-inner-style'><\/span><\/span><\/div><br \/>\n<section class=\"av_textblock_section \"  itemscope=\"itemscope\" itemtype=\"https:\/\/schema.org\/CreativeWork\" ><div class='avia_textblock  '   itemprop=\"text\" ><h3 style=\"text-align: center;\">Machine barbe \u00e0 papa<\/h3>\n<\/div><\/section><br \/>\n<div  class='avia-image-container avia_animated_image avia_animate_when_almost_visible top-to-bottom av-styling- av-hover-grow av-hide-overflow   avia-builder-el-22  el_after_av_textblock  el_before_av_textblock  avia-align-center '  itemprop=\"image\" itemscope=\"itemscope\" itemtype=\"https:\/\/schema.org\/ImageObject\"  ><div class='avia-image-container-inner'><div class='avia-image-overlay-wrap'><img loading=\"lazy\" decoding=\"async\" class='wp-image-21 avia_image' src=\"https:\/\/ileauxkangourous.com\/wp-content\/uploads\/2020\/08\/fete-barbapapa-300x200.jpg\" alt='location machine barbe \u00e0 papa \u00e0 Toulouse' title='fete-barbapapa' height=\"200\" width=\"300\"  itemprop=\"thumbnailUrl\" srcset=\"https:\/\/ileauxkangourous.com\/wp-content\/uploads\/2020\/08\/fete-barbapapa-300x200.jpg 300w, https:\/\/ileauxkangourous.com\/wp-content\/uploads\/2020\/08\/fete-barbapapa-1030x686.jpg 1030w, https:\/\/ileauxkangourous.com\/wp-content\/uploads\/2020\/08\/fete-barbapapa-768x512.jpg 768w, https:\/\/ileauxkangourous.com\/wp-content\/uploads\/2020\/08\/fete-barbapapa-1536x1024.jpg 1536w, https:\/\/ileauxkangourous.com\/wp-content\/uploads\/2020\/08\/fete-barbapapa-1500x1000.jpg 1500w, https:\/\/ileauxkangourous.com\/wp-content\/uploads\/2020\/08\/fete-barbapapa-705x470.jpg 705w, https:\/\/ileauxkangourous.com\/wp-content\/uploads\/2020\/08\/fete-barbapapa.jpg 2000w\" sizes=\"(max-width: 300px) 100vw, 300px\" \/><\/div><\/div><\/div><br \/>\n<section class=\"av_textblock_section \"  itemscope=\"itemscope\" itemtype=\"https:\/\/schema.org\/CreativeWork\" ><div class='avia_textblock  '   itemprop=\"text\" ><p style=\"text-align: center;\">Une machine \u00e0 barbe \u00e0 papa pour faire la f\u00eate foraine \u00e0\u00a0la\u00a0maison.<\/p>\n<\/div><\/section><br \/>\n<div  class='avia-button-wrap avia-button-center  avia-builder-el-24  el_after_av_textblock  el_before_av_hr ' ><a href='https:\/\/ileauxkangourous.com\/index.php\/machine-barbe-a-papa-a-louer\/'  class='avia-button  avia-color-theme-color   avia-icon_select-yes-left-icon avia-size-small avia-position-center '   ><span class='avia_button_icon avia_button_icon_left ' aria-hidden='true' data-av_icon='\ue832' data-av_iconfont='entypo-fontello'><\/span><span class='avia_iconbox_title' >Miam je veux en savoir plus !<\/span><\/a><\/div><br \/>\n<div  style='height:40px' class='hr hr-invisible   avia-builder-el-25  el_after_av_button  avia-builder-el-last '><span class='hr-inner ' ><span class='hr-inner-style'><\/span><\/span><\/div><\/p><\/div>\n<div class=\"flex_column av_one_third  flex_column_div av-zero-column-padding   avia-builder-el-26  el_after_av_one_third  el_before_av_hr  column-top-margin\" style='background: #ffffff; background-color:#ffffff; border-radius:0px; '><p><div  style='height:40px' class='hr hr-invisible   avia-builder-el-27  el_before_av_textblock  avia-builder-el-first '><span class='hr-inner ' ><span class='hr-inner-style'><\/span><\/span><\/div><br \/>\n<section class=\"av_textblock_section \"  itemscope=\"itemscope\" itemtype=\"https:\/\/schema.org\/CreativeWork\" ><div class='avia_textblock  '   itemprop=\"text\" ><h3 style=\"text-align: center;\">Animations festives<\/h3>\n<\/div><\/section><br \/>\n<div  class='avia-image-container avia_animated_image avia_animate_when_almost_visible top-to-bottom av-styling- av-hover-grow av-hide-overflow   avia-builder-el-29  el_after_av_textblock  el_before_av_textblock  avia-align-center '  itemprop=\"image\" itemscope=\"itemscope\" itemtype=\"https:\/\/schema.org\/ImageObject\"  ><div class='avia-image-container-inner'><div class='avia-image-overlay-wrap'><img loading=\"lazy\" decoding=\"async\" class='wp-image-165 avia_image' src=\"https:\/\/ileauxkangourous.com\/wp-content\/uploads\/2020\/08\/animations-300x201.jpg\" alt='' title='animations' height=\"201\" width=\"300\"  itemprop=\"thumbnailUrl\" srcset=\"https:\/\/ileauxkangourous.com\/wp-content\/uploads\/2020\/08\/animations-300x201.jpg 300w, https:\/\/ileauxkangourous.com\/wp-content\/uploads\/2020\/08\/animations-1030x691.jpg 1030w, https:\/\/ileauxkangourous.com\/wp-content\/uploads\/2020\/08\/animations-768x515.jpg 768w, https:\/\/ileauxkangourous.com\/wp-content\/uploads\/2020\/08\/animations-1536x1031.jpg 1536w, https:\/\/ileauxkangourous.com\/wp-content\/uploads\/2020\/08\/animations-1500x1007.jpg 1500w, https:\/\/ileauxkangourous.com\/wp-content\/uploads\/2020\/08\/animations-705x473.jpg 705w, https:\/\/ileauxkangourous.com\/wp-content\/uploads\/2020\/08\/animations.jpg 2000w\" sizes=\"(max-width: 300px) 100vw, 300px\" \/><\/div><\/div><\/div><br \/>\n<section class=\"av_textblock_section \"  itemscope=\"itemscope\" itemtype=\"https:\/\/schema.org\/CreativeWork\" ><div class='avia_textblock  '   itemprop=\"text\" ><p style=\"text-align: center;\">Du maquillage sur visage, des ballons \u00e0 forme et plein d\u2019autres id\u00e9es originales.<\/p>\n<\/div><\/section><br \/>\n<div  class='avia-button-wrap avia-button-center  avia-builder-el-31  el_after_av_textblock  el_before_av_hr ' ><a href=''  class='avia-button  avia-color-theme-color   avia-icon_select-yes-left-icon avia-size-small avia-position-center '   ><span class='avia_button_icon avia_button_icon_left ' aria-hidden='true' data-av_icon='\ue832' data-av_iconfont='entypo-fontello'><\/span><span class='avia_iconbox_title' >Coming soon...<\/span><\/a><\/div><br \/>\n<div  style='height:40px' class='hr hr-invisible   avia-builder-el-32  el_after_av_button  avia-builder-el-last '><span class='hr-inner ' ><span class='hr-inner-style'><\/span><\/span><\/div><\/p><\/div>\n<div  style='height:50px' class='hr hr-invisible   avia-builder-el-33  el_after_av_one_third  el_before_av_section  avia-builder-el-last '><span class='hr-inner ' ><span class='hr-inner-style'><\/span><\/span><\/div>\n<\/div><\/div><\/div><!-- close content main div --><\/div><\/div><div id='av_section_3'  class='avia-section main_color avia-section-default avia-no-border-styling  avia-bg-style-scroll  avia-builder-el-34  el_after_av_hr  el_before_av_one_fourth   container_wrap sidebar_right' style='background-color: #cc6600;  '  ><div class='container' ><div class='template-page content  av-content-small alpha units'><div class='post-entry post-entry-type-page post-entry-217'><div class='entry-content-wrapper clearfix'>\n<div class=\"flex_column av_one_full  flex_column_div av-zero-column-padding first  avia-builder-el-35  el_before_av_one_half  avia-builder-el-first  \" style='border-radius:0px; '><section class=\"av_textblock_section \"  itemscope=\"itemscope\" itemtype=\"https:\/\/schema.org\/CreativeWork\" ><div class='avia_textblock  '   itemprop=\"text\" ><h2 style=\"text-align: center;\"><span style=\"color: #ffffff;\">L&#8217;\u00eele aux kangourous, c&#8217;est \u00e0 c\u00f4t\u00e9 de chez vous&nbsp;!<\/span><\/h2>\n<\/div><\/section><\/div><div class=\"flex_column av_one_half  flex_column_div av-zero-column-padding first  avia-builder-el-37  el_after_av_one_full  el_before_av_one_half  column-top-margin\" style='border-radius:0px; '><div  class='avia-image-container avia_animated_image avia_animate_when_almost_visible left-to-right av-styling- av-hover-grow   avia-builder-el-38  avia-builder-el-no-sibling  avia-align-center '  itemprop=\"image\" itemscope=\"itemscope\" itemtype=\"https:\/\/schema.org\/ImageObject\"  ><div class='avia-image-container-inner'><div class='avia-image-overlay-wrap'><img loading=\"lazy\" decoding=\"async\" class='wp-image-245 avia_image' src=\"https:\/\/ileauxkangourous.com\/wp-content\/uploads\/2020\/08\/carte.jpg\" alt='' title='carte' height=\"630\" width=\"850\"  itemprop=\"thumbnailUrl\" srcset=\"https:\/\/ileauxkangourous.com\/wp-content\/uploads\/2020\/08\/carte.jpg 850w, https:\/\/ileauxkangourous.com\/wp-content\/uploads\/2020\/08\/carte-300x222.jpg 300w, https:\/\/ileauxkangourous.com\/wp-content\/uploads\/2020\/08\/carte-768x569.jpg 768w, https:\/\/ileauxkangourous.com\/wp-content\/uploads\/2020\/08\/carte-705x523.jpg 705w\" sizes=\"(max-width: 850px) 100vw, 850px\" \/><\/div><\/div><\/div><\/div><div class=\"flex_column av_one_half  flex_column_div av-zero-column-padding   avia-builder-el-39  el_after_av_one_half  avia-builder-el-last  column-top-margin\" style='border-radius:0px; '><p><div  style='height:50px' class='hr hr-invisible   avia-builder-el-40  el_before_av_textblock  avia-builder-el-first '><span class='hr-inner ' ><span class='hr-inner-style'><\/span><\/span><\/div><br \/>\n<section class=\"av_textblock_section \"  itemscope=\"itemscope\" itemtype=\"https:\/\/schema.org\/CreativeWork\" ><div class='avia_textblock  '   itemprop=\"text\" ><blockquote>\n<p><span style=\"color: #ffffff;\">Les animations de l\u2019\u00eele aux Kangourous sont propos\u00e9es \u00e0 Toulouse et dans la r\u00e9gion : portes du Tarn, Haute-Garonne, Castelmaurou\u2026<\/span><\/p>\n<\/blockquote>\n<\/div><\/section><\/p><\/div><\/div><\/div><\/div><!-- close content main div --><\/div><\/div><div id='after_section_3'  class='main_color av_default_container_wrap container_wrap sidebar_right' style=' '  ><div class='container' ><div class='template-page content  av-content-small alpha units'><div class='post-entry post-entry-type-page post-entry-217'><div class='entry-content-wrapper clearfix'><div class=\"flex_column av_one_fourth  flex_column_div av-zero-column-padding first  avia-builder-el-42  el_after_av_section  el_before_av_one_half  avia-builder-el-first  \" style='border-radius:0px; '><\/div><\/p>\n<div class=\"flex_column av_one_half  flex_column_div av-zero-column-padding   avia-builder-el-43  el_after_av_one_fourth  el_before_av_one_fourth  \" style='border-radius:0px; '><p><div  style='height:50px' class='hr hr-invisible   avia-builder-el-44  el_before_av_textblock  avia-builder-el-first '><span class='hr-inner ' ><span class='hr-inner-style'><\/span><\/span><\/div><br \/>\n<section class=\"av_textblock_section \"  itemscope=\"itemscope\" itemtype=\"https:\/\/schema.org\/CreativeWork\" ><div class='avia_textblock  '   itemprop=\"text\" ><h2 style=\"text-align: center;\">Devis personnalis\u00e9<\/h2>\n<\/div><\/section><br \/>\n\t<div   class='av_promobox  avia-button-yes   avia-builder-el-46  el_after_av_textblock  el_before_av_hr '>\t\t<div class='avia-promocontent'><p>\nL\u2019\u00eele aux Kangourous vous adresse un devis gratuit et personnalis\u00e9 pour votre \u00e9v\u00e9nement. Rendez-vous sur notre page contact !<\/p>\n<\/div><div  class='avia-button-wrap avia-button-right ' ><a href='https:\/\/ileauxkangourous.com\/index.php\/contact-et-devis\/'  class='avia-button  avia-color-theme-color   avia-icon_select-yes-left-icon avia-size-large avia-position-right '   ><span class='avia_button_icon avia_button_icon_left ' aria-hidden='true' data-av_icon='\ue81f' data-av_iconfont='entypo-fontello'><\/span><span class='avia_iconbox_title' >Demander un devis<\/span><\/a><\/div><\/div><br \/>\n<div  style='height:30px' class='hr hr-invisible   avia-builder-el-47  el_after_av_promobox  avia-builder-el-last '><span class='hr-inner ' ><span class='hr-inner-style'><\/span><\/span><\/div><\/p><\/div>\n<div class=\"flex_column av_one_fourth  flex_column_div av-zero-column-padding   avia-builder-el-48  el_after_av_one_half  avia-builder-el-last  \" style='border-radius:0px; '><\/div>\n","protected":false},"excerpt":{"rendered":"","protected":false},"author":1,"featured_media":0,"parent":0,"menu_order":0,"comment_status":"closed","ping_status":"closed","template":"","meta":{"footnotes":""},"aioseo_notices":[],"_links":{"self":[{"href":"https:\/\/ileauxkangourous.com\/index.php\/wp-json\/wp\/v2\/pages\/217"}],"collection":[{"href":"https:\/\/ileauxkangourous.com\/index.php\/wp-json\/wp\/v2\/pages"}],"about":[{"href":"https:\/\/ileauxkangourous.com\/index.php\/wp-json\/wp\/v2\/types\/page"}],"author":[{"embeddable":true,"href":"https:\/\/ileauxkangourous.com\/index.php\/wp-json\/wp\/v2\/users\/1"}],"replies":[{"embeddable":true,"href":"https:\/\/ileauxkangourous.com\/index.php\/wp-json\/wp\/v2\/comments?post=217"}],"version-history":[{"count":35,"href":"https:\/\/ileauxkangourous.com\/index.php\/wp-json\/wp\/v2\/pages\/217\/revisions"}],"predecessor-version":[{"id":350,"href":"https:\/\/ileauxkangourous.com\/index.php\/wp-json\/wp\/v2\/pages\/217\/revisions\/350"}],"wp:attachment":[{"href":"https:\/\/ileauxkangourous.com\/index.php\/wp-json\/wp\/v2\/media?parent=217"}],"curies":[{"name":"wp","href":"https:\/\/api.w.org\/{rel}","templated":true}]}}